{"id":7074,"date":"2023-02-22T23:10:31","date_gmt":"2023-02-22T23:10:31","guid":{"rendered":"https:\/\/www.gonvarriagrotech.com\/?page_id=7074"},"modified":"2023-03-17T11:16:41","modified_gmt":"2023-03-17T10:16:41","slug":"politica-de-la-privacidad","status":"publish","type":"page","link":"https:\/\/www.gonvarriagrotech.com\/es\/politica-de-la-privacidad\/","title":{"rendered":"Pol\u00edtica de la privacidad"},"content":{"rendered":"\t\t<div data-elementor-type=\"wp-page\" data-elementor-id=\"7074\" class=\"elementor elementor-7074\">\n\t\t\t\t\t\t\t\t\t<section class=\"elementor-section elementor-top-section elementor-element elementor-element-44d980a3 elementor-section-height-min-height elementor-section-items-stretch elementor-section-content-space-between elementor-section-stretched elementor-section-boxed elementor-section-height-default\" data-id=\"44d980a3\" data-element_type=\"section\" data-settings=\"{&quot;background_background&quot;:&quot;classic&quot;,&quot;stretch_section&quot;:&quot;section-stretched&quot;}\">\n\t\t\t\t\t\t\t<div class=\"elementor-background-overlay\"><\/div>\n\t\t\t\t\t\t\t<div class=\"elementor-container elementor-column-gap-default\">\n\t\t\t\t\t<div class=\"elementor-column elementor-col-100 elementor-top-column elementor-element elementor-element-1d4b36ce\" data-id=\"1d4b36ce\" data-element_type=\"column\">\n\t\t\t<div class=\"elementor-widget-wrap elementor-element-populated\">\n\t\t\t\t\t\t\t\t<div class=\"elementor-element elementor-element-e876e3e elementor-widget elementor-widget-breadcrumbs\" data-id=\"e876e3e\" data-element_type=\"widget\" data-widget_type=\"breadcrumbs.default\">\n\t\t\t\t<div class=\"elementor-widget-container\">\n\t\t\t<p id=\"breadcrumbs\"><span><span><a href=\"https:\/\/www.gonvarriagrotech.com\/es\/\">Home<\/a><\/span><\/span><\/p>\t\t<\/div>\n\t\t\t\t<\/div>\n\t\t\t\t\t<\/div>\n\t\t<\/div>\n\t\t\t\t\t\t\t<\/div>\n\t\t<\/section>\n\t\t\t\t<section class=\"elementor-section elementor-top-section elementor-element elementor-element-fbb2604 elementor-section-boxed elementor-section-height-default elementor-section-height-default\" data-id=\"fbb2604\" data-element_type=\"section\">\n\t\t\t\t\t\t<div class=\"elementor-container elementor-column-gap-default\">\n\t\t\t\t\t<div class=\"elementor-column elementor-col-100 elementor-top-column elementor-element elementor-element-7c6cd9c\" data-id=\"7c6cd9c\" data-element_type=\"column\">\n\t\t\t<div class=\"elementor-widget-wrap elementor-element-populated\">\n\t\t\t\t\t\t\t\t<div class=\"elementor-element elementor-element-c7b0548 politica-privacidad elementor-widget elementor-widget-text-editor\" data-id=\"c7b0548\" data-element_type=\"widget\" data-widget_type=\"text-editor.default\">\n\t\t\t\t<div class=\"elementor-widget-container\">\n\t\t\t\t\t\t\t<h3>Introducci\u00f3n y definiciones<\/h3><p>La presente pol\u00edtica tiene como objetivo informar a el interesado, en adelante el USUARIO, de los distintos tratamientos de datos personales asociados a los servicios ofrecidos en Internet por Gonvarri Agrotech.<\/p><p>Con la aceptaci\u00f3n de esta pol\u00edtica, usted acepta expresamente lo dispuesto en Pol\u00edtica de Privacidad y en el <a href=\"https:\/\/www.gonvarriagrotech.com\/es\/aviso-legal-y-condiciones-de-uso\/\">Aviso Legal y Condiciones de uso<\/a> como USUARIO de los servicios ofrecidos por la web de Gonvarri Agrotech, cuya finalidad es ofrecer informaci\u00f3n de sus productos y soluciones y poner a disposici\u00f3n de los interesados un medio de contacto.<\/p><p>Para el correcto entendimiento de esta pol\u00edtica, se realizan las siguientes definiciones:<\/p><ul><li><strong>Usuario:<\/strong> ser\u00e1 aquella persona f\u00edsica o jur\u00eddica que acceda y\/o use la web y\/o los servicios ofrecidos por Gonvarri Agrotech por cualquier medio sin necesidad de registrarse. Mediante la aceptaci\u00f3n de esta cl\u00e1usula, el Usuario acepta la Pol\u00edtica de Privacidad y las Condiciones de Gonvarri Agrotech, reflejadas en el presente documento.<\/li><li><strong>Dato personal:<\/strong> Un dato personal es cualquier informaci\u00f3n sobre una persona f\u00edsica identificada o identificable (el interesado). Se considera persona f\u00edsica identificable cualquier persona cuya identidad se puede determinar, directa o indirectamente, en particular mediante un identificador.<\/li><li><strong>Tratamiento de datos personales:<\/strong> Cualquier operaci\u00f3n o conjunto de operaciones realizadas sobre datos personales o conjuntos de datos personales, ya sea por procedimientos automatizados o no, como la recogida, registro, organizaci\u00f3n, estructuraci\u00f3n, conservaci\u00f3n, adaptaci\u00f3n o modificaci\u00f3n, extracci\u00f3n, consulta, utilizaci\u00f3n, comunicaci\u00f3n por transmisi\u00f3n, difusi\u00f3n o cualquier otra forma de habilitaci\u00f3n de acceso, cotejo o interconexi\u00f3n, limitaci\u00f3n, supresi\u00f3n o destrucci\u00f3n.<\/li><li><strong>Servicios:<\/strong> abarcan todos los productos y acciones promocionales, ya sean gratuitos o de pago, que consisten en el acceso a diferentes informaciones, contenidos, comunicaciones comerciales y corporativas, programas, aplicaciones, tiendas, sitios web, v\u00eddeo bajo demanda o similares ofrecidos por Gonvarri Agrotech.<\/li><\/ul><h3>Cumplimiento de la normativa vigente<\/h3><p>Gonvarri Agrotech, al estar ubicado en Espa\u00f1a, est\u00e1 sometido al cumplimiento de la normativa espa\u00f1ola y europea en materia de protecci\u00f3n de datos y servicios de la sociedad de la informaci\u00f3n.<\/p><p>Los datos de car\u00e1cter personal del USUARIO se tratar\u00e1n de conformidad con lo dispuesto en la Pol\u00edtica de Privacidad de Datos Corporativa de Gonvarri Industries, basada en el Reglamento (UE) 2016\/679, de 27 de abril (GDPR), y la Ley Org\u00e1nica 3\/2018, de 5 de diciembre (LOPDGDD).<\/p><h3>Responsable del tratamiento<\/h3><p>Los datos personales ser\u00e1n tratados por Gonvarri Corporaci\u00f3n Financiera, con direcci\u00f3n Prolongaci\u00f3n de, C. de Embajadores, S\/N, 28053 Madrid, tel\u00e9fono de contacto 913 79 19 00 y email Privacy.Enquiries@gonvarri.com como responsable del tratamiento.<\/p><h3>Finalidad de los tratamientos de los datos personales<\/h3><p>Los siguientes tratamientos de los que es informado el USUARIO, ser\u00e1n ejecutados con la informaci\u00f3n de car\u00e1cter personal que ser\u00e1 facilitada por el mismo:<\/p><table><tbody><tr><td><p><b>Tratamiento<\/b><\/p><\/td><td><p><b>Finalidad<\/b><\/p><\/td><td><p><b>Datos personales recogidos<\/b><\/p><\/td><td><p><b>Plazo de conservaci\u00f3n<\/b><\/p><\/td><td><p><b>Cesi\u00f3n a Terceros<\/b><\/p><\/td><\/tr><tr><td><p>\u00a0<\/p><p>Formulario: Productos \/ Aplicaciones \/ Servicios \/ Contacto<\/p><\/td><td><p>La solicitud de informaci\u00f3n mediante el env\u00edo de datos de contacto por parte del USUARIO con el fin de ser contactado por un comercial de Gonvarri Agrotech.<\/p><\/td><td><p>Nombre<\/p><p>Email<\/p><p>Tel\u00e9fono de Contacto<\/p><p>Mensaje<\/p><\/td><td><p>1 a\u00f1o, siendo eliminados los datos personales tras ese periodo<\/p><\/td><td><p>No se compartir\u00e1n con terceros<\/p><\/td><\/tr><tr><td><p>Formulario Solicitud de Presupuesto<\/p><\/td><td><p>La solicitud de presupuesto mediante el env\u00edo de datos de contacto y del\u00a0 proyecto por parte del USUARIO con el fin de ser contactado por un comercial de Gonvarri Agrotech.<\/p><\/td><td><p>Nombre<\/p><p>Apellidos<\/p><p>Direcci\u00f3n<\/p><p>Empresa<\/p><p>Tel\u00e9fono de Contacto<\/p><p>Email<\/p><p>Informaci\u00f3n del Proyecto<\/p><p>Comentarios<\/p><\/td><td><p>1 a\u00f1o, siendo eliminados los datos personales tras ese periodo<\/p><\/td><td><p>No se compartir\u00e1n con terceros<\/p><\/td><\/tr><tr><td><p>Formulario Trabaja con Nosotros<\/p><\/td><td><p><span style=\"font-weight: 400;\">El env\u00edo de informaci\u00f3n curricular por parte del USUARIO con el fin de entrar en el proceso de gesti\u00f3n de candidatos de Gonvarri Agrotech.<\/span><\/p><\/td><td><p><span style=\"font-weight: 400;\">Nombre<\/span><\/p><p><span style=\"font-weight: 400;\">Email<\/span><\/p><p><span style=\"font-weight: 400;\">Tel\u00e9fono de Contacto<\/span><\/p><p><span style=\"font-weight: 400;\">Mensaje<\/span><\/p><p><span style=\"font-weight: 400;\">Curriculum Vitae\u00a0<\/span><\/p><\/td><td><p><span style=\"font-weight: 400;\">1 a\u00f1o, siendo eliminados los datos personales tras ese periodo<\/span><\/p><\/td><td><p><span style=\"font-weight: 400;\">No se compartir\u00e1n con terceros<\/span><\/p><\/td><\/tr><\/tbody><\/table><p>El tratamiento de datos personales espec\u00edficos asociados a las cookies se encuentra descrito en el <a href=\"https:\/\/www.gonvarriagrotech.com\/es\/politica-de-cookies\/\">Pol\u00edtica de Cookies de Gonvarri Agrotech<\/a>.<\/p><h3>Legitimizaci\u00f3n para el tratamiento de los datos<\/h3><p>Para estos tratamientos la base y fundamento legal se encontrar\u00eda en:<\/p><ul><li>(GDPR art, 6.1.a) El USUARIO dio su consentimiento para el tratamiento de sus datos personales para uno o varios fines espec\u00edficos a trav\u00e9s de la web de Gonvarri Agrotech.<\/li><li>(GDPR art. 6.1 f) el tratamiento es necesario para la satisfacci\u00f3n de intereses leg\u00edtimos perseguidos por el responsable del tratamiento, Gonvarri Agrotech, que es la oferta de los servicios ofrecidos en su web y el correcto funcionamiento de la misma<\/li><\/ul><h3>Derechos de los usuarios en materia de protecci\u00f3n de datos personales<\/h3><p>El USUARIO tiene derecho a acceder a sus datos personales, as\u00ed como a solicitar la rectificaci\u00f3n de los datos inexactos o, en su caso, solicitar su supresi\u00f3n cuando, entre otros motivos, los datos ya no sea necesarios para los fines que fueron recogidos.<\/p><p>En determinadas circunstancias, el USUARIO podr\u00e1 solicitar la limitaci\u00f3n del tratamiento de sus datos, en cuyo caso \u00fanicamente los conservaremos para el ejercicio o la defensa de reclamaciones.<\/p><p>En determinadas circunstancias y por motivos relacionados con su situaci\u00f3n particular, el USUARIO podr\u00e1 oponerse al tratamiento de sus datos. Gonvarri Agrotech dejar\u00e1 de tratar los datos, salvo por motivos leg\u00edtimos imperiosos, o el ejercicio o la defensa de posibles reclamaciones.<\/p><p>Para ejercitar estos derechos, y para cualquier otra aclaraci\u00f3n, el USUARIO podr\u00e1 dirigirse por escrito a la direcci\u00f3n postal anteriormente indicada o a trav\u00e9s de la direcci\u00f3n de correo electr\u00f3nico siguiente Privacy.Rights@gonvarri.com , siguiendo el procedimiento registrado en la web de Gonvarri Agrotech<\/p><h3>M\u00e1s informaci\u00f3n sobre la Gesti\u00f3n de datos personales<\/h3><p>El USUARIO puede obtener m\u00e1s informaci\u00f3n sobre como Gonvarri Agrotech y el grupo Gonvarri Industries trata los datos personales en el apartado web de <a href=\"https:\/\/www.gonvarriagrotech.com\/es\/politica-de-cookies\/\">Gesti\u00f3n de la Privacidad<\/a>.<\/p>\t\t\t\t\t\t<\/div>\n\t\t\t\t<\/div>\n\t\t\t\t\t<\/div>\n\t\t<\/div>\n\t\t\t\t\t\t\t<\/div>\n\t\t<\/section>\n\t\t\t\t\t\t\t<\/div>\n\t\t","protected":false},"excerpt":{"rendered":"<p>Introducci\u00f3n y definiciones La presente pol\u00edtica tiene como objetivo informar a el interesado, en adelante el USUARIO, de los distintos tratamientos de datos personales asociados a los servicios ofrecidos en Internet por Gonvarri Agrotech. Con la aceptaci\u00f3n de esta pol\u00edtica, usted acepta expresamente lo dispuesto en Pol\u00edtica de Privacidad y en el Aviso Legal y [&hellip;]<\/p>\n","protected":false},"author":3,"featured_media":80,"parent":0,"menu_order":0,"comment_status":"closed","ping_status":"closed","template":"","meta":{"footnotes":""},"class_list":["post-7074","page","type-page","status-publish","has-post-thumbnail","hentry"],"yoast_head":"<!-- This site is optimized with the Yoast SEO plugin v21.5 - https:\/\/yoast.com\/wordpress\/plugins\/seo\/ -->\n<title>Pol\u00edtica de la privacidad | Gonvarri AgroTech<\/title>\n<meta name=\"robots\" content=\"index, follow, max-snippet:-1, max-image-preview:large, max-video-preview:-1\" \/>\n<link rel=\"canonical\" href=\"https:\/\/www.gonvarriagrotech.com\/es\/politica-de-la-privacidad\/\" \/>\n<meta property=\"og:locale\" content=\"es_ES\" \/>\n<meta property=\"og:type\" content=\"article\" \/>\n<meta property=\"og:title\" content=\"Pol\u00edtica de la privacidad | Gonvarri AgroTech\" \/>\n<meta property=\"og:description\" content=\"Introducci\u00f3n y definiciones La presente pol\u00edtica tiene como objetivo informar a el interesado, en adelante el USUARIO, de los distintos tratamientos de datos personales asociados a los servicios ofrecidos en Internet por Gonvarri Agrotech. Con la aceptaci\u00f3n de esta pol\u00edtica, usted acepta expresamente lo dispuesto en Pol\u00edtica de Privacidad y en el Aviso Legal y [&hellip;]\" \/>\n<meta property=\"og:url\" content=\"https:\/\/www.gonvarriagrotech.com\/es\/politica-de-la-privacidad\/\" \/>\n<meta property=\"og:site_name\" content=\"Gonvarri AgroTech\" \/>\n<meta property=\"article:modified_time\" content=\"2023-03-17T10:16:41+00:00\" \/>\n<meta property=\"og:image\" content=\"https:\/\/www.gonvarriagrotech.com\/wp-content\/uploads\/2022\/12\/agriculture-young-women-inspect-the-work-in-the-nursery.jpg\" \/>\n\t<meta property=\"og:image:width\" content=\"474\" \/>\n\t<meta property=\"og:image:height\" content=\"552\" \/>\n\t<meta property=\"og:image:type\" content=\"image\/jpeg\" \/>\n<meta name=\"twitter:card\" content=\"summary_large_image\" \/>\n<meta name=\"twitter:label1\" content=\"Tiempo de lectura\" \/>\n\t<meta name=\"twitter:data1\" content=\"5 minutos\" \/>\n<script type=\"application\/ld+json\" class=\"yoast-schema-graph\">{\"@context\":\"https:\/\/schema.org\",\"@graph\":[{\"@type\":\"WebPage\",\"@id\":\"https:\/\/www.gonvarriagrotech.com\/es\/politica-de-la-privacidad\/\",\"url\":\"https:\/\/www.gonvarriagrotech.com\/es\/politica-de-la-privacidad\/\",\"name\":\"Pol\u00edtica de la privacidad | Gonvarri AgroTech\",\"isPartOf\":{\"@id\":\"https:\/\/www.gonvarriagrotech.com\/en\/#website\"},\"datePublished\":\"2023-02-22T23:10:31+00:00\",\"dateModified\":\"2023-03-17T10:16:41+00:00\",\"breadcrumb\":{\"@id\":\"https:\/\/www.gonvarriagrotech.com\/es\/politica-de-la-privacidad\/#breadcrumb\"},\"inLanguage\":\"es\",\"potentialAction\":[{\"@type\":\"ReadAction\",\"target\":[\"https:\/\/www.gonvarriagrotech.com\/es\/politica-de-la-privacidad\/\"]}]},{\"@type\":\"BreadcrumbList\",\"@id\":\"https:\/\/www.gonvarriagrotech.com\/es\/politica-de-la-privacidad\/#breadcrumb\",\"itemListElement\":[{\"@type\":\"ListItem\",\"position\":1,\"name\":\"Home\",\"item\":\"https:\/\/www.gonvarriagrotech.com\/es\/\"},{\"@type\":\"ListItem\",\"position\":2,\"name\":\"Pol\u00edtica de la privacidad\"}]},{\"@type\":\"WebSite\",\"@id\":\"https:\/\/www.gonvarriagrotech.com\/en\/#website\",\"url\":\"https:\/\/www.gonvarriagrotech.com\/en\/\",\"name\":\"Gonvarri Agrotech\",\"description\":\"GonvarriIndustries\",\"publisher\":{\"@id\":\"https:\/\/www.gonvarriagrotech.com\/en\/#organization\"},\"potentialAction\":[{\"@type\":\"SearchAction\",\"target\":{\"@type\":\"EntryPoint\",\"urlTemplate\":\"https:\/\/www.gonvarriagrotech.com\/en\/?s={search_term_string}\"},\"query-input\":\"required name=search_term_string\"}],\"inLanguage\":\"es\"},{\"@type\":\"Organization\",\"@id\":\"https:\/\/www.gonvarriagrotech.com\/en\/#organization\",\"name\":\"Gonvarri Agrotech\",\"url\":\"https:\/\/www.gonvarriagrotech.com\/en\/\",\"logo\":{\"@type\":\"ImageObject\",\"inLanguage\":\"es\",\"@id\":\"https:\/\/www.gonvarriagrotech.com\/en\/#\/schema\/logo\/image\/\",\"url\":\"https:\/\/www.gonvarriagrotech.com\/wp-content\/uploads\/2022\/12\/logo-agrotech.svg\",\"contentUrl\":\"https:\/\/www.gonvarriagrotech.com\/wp-content\/uploads\/2022\/12\/logo-agrotech.svg\",\"width\":380,\"height\":170,\"caption\":\"Gonvarri Agrotech\"},\"image\":{\"@id\":\"https:\/\/www.gonvarriagrotech.com\/en\/#\/schema\/logo\/image\/\"}}]}<\/script>\n<!-- \/ Yoast SEO plugin. -->","yoast_head_json":{"title":"Pol\u00edtica de la privacidad | Gonvarri AgroTech","robots":{"index":"index","follow":"follow","max-snippet":"max-snippet:-1","max-image-preview":"max-image-preview:large","max-video-preview":"max-video-preview:-1"},"canonical":"https:\/\/www.gonvarriagrotech.com\/es\/politica-de-la-privacidad\/","og_locale":"es_ES","og_type":"article","og_title":"Pol\u00edtica de la privacidad | Gonvarri AgroTech","og_description":"Introducci\u00f3n y definiciones La presente pol\u00edtica tiene como objetivo informar a el interesado, en adelante el USUARIO, de los distintos tratamientos de datos personales asociados a los servicios ofrecidos en Internet por Gonvarri Agrotech. Con la aceptaci\u00f3n de esta pol\u00edtica, usted acepta expresamente lo dispuesto en Pol\u00edtica de Privacidad y en el Aviso Legal y [&hellip;]","og_url":"https:\/\/www.gonvarriagrotech.com\/es\/politica-de-la-privacidad\/","og_site_name":"Gonvarri AgroTech","article_modified_time":"2023-03-17T10:16:41+00:00","og_image":[{"width":474,"height":552,"url":"https:\/\/www.gonvarriagrotech.com\/wp-content\/uploads\/2022\/12\/agriculture-young-women-inspect-the-work-in-the-nursery.jpg","type":"image\/jpeg"}],"twitter_card":"summary_large_image","twitter_misc":{"Tiempo de lectura":"5 minutos"},"schema":{"@context":"https:\/\/schema.org","@graph":[{"@type":"WebPage","@id":"https:\/\/www.gonvarriagrotech.com\/es\/politica-de-la-privacidad\/","url":"https:\/\/www.gonvarriagrotech.com\/es\/politica-de-la-privacidad\/","name":"Pol\u00edtica de la privacidad | Gonvarri AgroTech","isPartOf":{"@id":"https:\/\/www.gonvarriagrotech.com\/en\/#website"},"datePublished":"2023-02-22T23:10:31+00:00","dateModified":"2023-03-17T10:16:41+00:00","breadcrumb":{"@id":"https:\/\/www.gonvarriagrotech.com\/es\/politica-de-la-privacidad\/#breadcrumb"},"inLanguage":"es","potentialAction":[{"@type":"ReadAction","target":["https:\/\/www.gonvarriagrotech.com\/es\/politica-de-la-privacidad\/"]}]},{"@type":"BreadcrumbList","@id":"https:\/\/www.gonvarriagrotech.com\/es\/politica-de-la-privacidad\/#breadcrumb","itemListElement":[{"@type":"ListItem","position":1,"name":"Home","item":"https:\/\/www.gonvarriagrotech.com\/es\/"},{"@type":"ListItem","position":2,"name":"Pol\u00edtica de la privacidad"}]},{"@type":"WebSite","@id":"https:\/\/www.gonvarriagrotech.com\/en\/#website","url":"https:\/\/www.gonvarriagrotech.com\/en\/","name":"Gonvarri Agrotech","description":"GonvarriIndustries","publisher":{"@id":"https:\/\/www.gonvarriagrotech.com\/en\/#organization"},"potentialAction":[{"@type":"SearchAction","target":{"@type":"EntryPoint","urlTemplate":"https:\/\/www.gonvarriagrotech.com\/en\/?s={search_term_string}"},"query-input":"required name=search_term_string"}],"inLanguage":"es"},{"@type":"Organization","@id":"https:\/\/www.gonvarriagrotech.com\/en\/#organization","name":"Gonvarri Agrotech","url":"https:\/\/www.gonvarriagrotech.com\/en\/","logo":{"@type":"ImageObject","inLanguage":"es","@id":"https:\/\/www.gonvarriagrotech.com\/en\/#\/schema\/logo\/image\/","url":"https:\/\/www.gonvarriagrotech.com\/wp-content\/uploads\/2022\/12\/logo-agrotech.svg","contentUrl":"https:\/\/www.gonvarriagrotech.com\/wp-content\/uploads\/2022\/12\/logo-agrotech.svg","width":380,"height":170,"caption":"Gonvarri Agrotech"},"image":{"@id":"https:\/\/www.gonvarriagrotech.com\/en\/#\/schema\/logo\/image\/"}}]}},"_links":{"self":[{"href":"https:\/\/www.gonvarriagrotech.com\/es\/wp-json\/wp\/v2\/pages\/7074","targetHints":{"allow":["GET"]}}],"collection":[{"href":"https:\/\/www.gonvarriagrotech.com\/es\/wp-json\/wp\/v2\/pages"}],"about":[{"href":"https:\/\/www.gonvarriagrotech.com\/es\/wp-json\/wp\/v2\/types\/page"}],"author":[{"embeddable":true,"href":"https:\/\/www.gonvarriagrotech.com\/es\/wp-json\/wp\/v2\/users\/3"}],"replies":[{"embeddable":true,"href":"https:\/\/www.gonvarriagrotech.com\/es\/wp-json\/wp\/v2\/comments?post=7074"}],"version-history":[{"count":11,"href":"https:\/\/www.gonvarriagrotech.com\/es\/wp-json\/wp\/v2\/pages\/7074\/revisions"}],"predecessor-version":[{"id":7928,"href":"https:\/\/www.gonvarriagrotech.com\/es\/wp-json\/wp\/v2\/pages\/7074\/revisions\/7928"}],"wp:featuredmedia":[{"embeddable":true,"href":"https:\/\/www.gonvarriagrotech.com\/es\/wp-json\/wp\/v2\/media\/80"}],"wp:attachment":[{"href":"https:\/\/www.gonvarriagrotech.com\/es\/wp-json\/wp\/v2\/media?parent=7074"}],"curies":[{"name":"wp","href":"https:\/\/api.w.org\/{rel}","templated":true}]}}