{"id":8692,"date":"2023-01-03T13:41:44","date_gmt":"2023-01-03T12:41:44","guid":{"rendered":"https:\/\/www.gonvarriagrotech.com\/travailler-avec-nous\/"},"modified":"2026-02-09T13:53:20","modified_gmt":"2026-02-09T12:53:20","slug":"travailler-avec-nous","status":"publish","type":"page","link":"https:\/\/www.gonvarriagrotech.com\/fr\/travailler-avec-nous\/","title":{"rendered":"Travailler avec nous"},"content":{"rendered":"\t\t<div data-elementor-type=\"wp-page\" data-elementor-id=\"8692\" class=\"elementor elementor-8692 elementor-1194\">\n\t\t\t\t\t\t\t\t\t<section class=\"elementor-section elementor-top-section elementor-element elementor-element-62616c6 elementor-section-height-min-height elementor-section-items-stretch elementor-section-content-space-between elementor-section-stretched elementor-section-boxed elementor-section-height-default\" data-id=\"62616c6\" data-element_type=\"section\" data-settings=\"{&quot;background_background&quot;:&quot;classic&quot;,&quot;stretch_section&quot;:&quot;section-stretched&quot;}\">\n\t\t\t\t\t\t\t<div class=\"elementor-background-overlay\"><\/div>\n\t\t\t\t\t\t\t<div class=\"elementor-container elementor-column-gap-default\">\n\t\t\t\t\t<div class=\"elementor-column elementor-col-100 elementor-top-column elementor-element elementor-element-3e163d57\" data-id=\"3e163d57\" data-element_type=\"column\">\n\t\t\t<div class=\"elementor-widget-wrap elementor-element-populated\">\n\t\t\t\t\t\t\t\t<div class=\"elementor-element elementor-element-9235572 elementor-widget elementor-widget-breadcrumbs\" data-id=\"9235572\" data-element_type=\"widget\" data-widget_type=\"breadcrumbs.default\">\n\t\t\t\t<div class=\"elementor-widget-container\">\n\t\t\t<p id=\"breadcrumbs\"><span><span><a href=\"https:\/\/www.gonvarriagrotech.com\/fr\/\">Home<\/a><\/span><\/span><\/p>\t\t<\/div>\n\t\t\t\t<\/div>\n\t\t\t\t<div class=\"elementor-element elementor-element-5df6df7 elementor-widget elementor-widget-heading\" data-id=\"5df6df7\" data-element_type=\"widget\" data-widget_type=\"heading.default\">\n\t\t\t\t<div class=\"elementor-widget-container\">\n\t\t\t<h2 class=\"elementor-heading-title elementor-size-default\">En Gonvarri AgroTech nous misons sur le talent<\/h2>\t\t<\/div>\n\t\t\t\t<\/div>\n\t\t\t\t\t<\/div>\n\t\t<\/div>\n\t\t\t\t\t\t\t<\/div>\n\t\t<\/section>\n\t\t\t\t<section class=\"elementor-section elementor-top-section elementor-element elementor-element-03d1534 elementor-section-boxed elementor-section-height-default elementor-section-height-default\" data-id=\"03d1534\" data-element_type=\"section\">\n\t\t\t\t\t\t<div class=\"elementor-container elementor-column-gap-default\">\n\t\t\t\t\t<div class=\"elementor-column elementor-col-100 elementor-top-column elementor-element elementor-element-a1f50ed\" data-id=\"a1f50ed\" data-element_type=\"column\">\n\t\t\t<div class=\"elementor-widget-wrap elementor-element-populated\">\n\t\t\t\t\t\t\t\t<div class=\"elementor-element elementor-element-052ebf4 elementor-widget elementor-widget-heading\" data-id=\"052ebf4\" data-element_type=\"widget\" data-widget_type=\"heading.default\">\n\t\t\t\t<div class=\"elementor-widget-container\">\n\t\t\t<h3 class=\"elementor-heading-title elementor-size-default\">Communaut\u00e9 Agrotech<\/h3>\t\t<\/div>\n\t\t\t\t<\/div>\n\t\t\t\t<div class=\"elementor-element elementor-element-0161074 elementor-widget elementor-widget-heading\" data-id=\"0161074\" data-element_type=\"widget\" data-widget_type=\"heading.default\">\n\t\t\t\t<div class=\"elementor-widget-container\">\n\t\t\t<h2 class=\"elementor-heading-title elementor-size-default\">Notre secret ? Captation et r\u00e9tention des <span style=\"color: #A2C516;\">talents<\/span> <\/h2>\t\t<\/div>\n\t\t\t\t<\/div>\n\t\t\t\t<div class=\"elementor-element elementor-element-96d2452 elementor-widget elementor-widget-text-editor\" data-id=\"96d2452\" data-element_type=\"widget\" data-widget_type=\"text-editor.default\">\n\t\t\t\t<div class=\"elementor-widget-container\">\n\t\t\t\t\t\t\t<p>Gonvarri Agrotech stimule le d\u00e9veloppement professionnel et humain de son personnel et favorise l\u2019\u00e9change de connaissances dans le but de cr\u00e9er de nouvelles id\u00e9es et des solutions innovantes.<\/p><p>Nous nous effor\u00e7ons d\u2019\u00eatre un employeur attrayant et d\u2019attirer les employ\u00e9s les plus qualifi\u00e9s en offrant un large \u00e9ventail d\u2019avantages. Vous \u00eates l\u00e0 ?<\/p>\t\t\t\t\t\t<\/div>\n\t\t\t\t<\/div>\n\t\t\t\t<div class=\"elementor-element elementor-element-a85cbd2 elementor-widget elementor-widget-button\" data-id=\"a85cbd2\" data-element_type=\"widget\" data-widget_type=\"button.default\">\n\t\t\t\t<div class=\"elementor-widget-container\">\n\t\t\t\t\t<div class=\"elementor-button-wrapper\">\n\t\t\t<a class=\"elementor-button elementor-button-link elementor-size-xl\" href=\"https:\/\/www.linkedin.com\/showcase\/gonvarri-agrotech\/\" target=\"_blank\">\n\t\t\t\t\t\t<span class=\"elementor-button-content-wrapper\">\n\t\t\t\t\t\t<span class=\"elementor-button-icon elementor-align-icon-left\">\n\t\t\t\t<svg xmlns=\"http:\/\/www.w3.org\/2000\/svg\" width=\"31.5\" height=\"31.499\" viewBox=\"0 0 31.5 31.499\"><path id=\"Icon_awesome-linkedin-in\" data-name=\"Icon awesome-linkedin-in\" d=\"M7.051,31.5H.52V10.47H7.051ZM3.782,7.6A3.8,3.8,0,1,1,7.564,3.783,3.814,3.814,0,0,1,3.782,7.6ZM31.493,31.5H24.976V21.263c0-2.44-.049-5.569-3.4-5.569-3.4,0-3.916,2.651-3.916,5.393V31.5H11.142V10.47h6.263v2.869H17.5a6.862,6.862,0,0,1,6.179-3.4c6.609,0,7.824,4.352,7.824,10.005V31.5Z\" transform=\"translate(0 -0.001)\" fill=\"#fff\"><\/path><\/svg>\t\t\t<\/span>\n\t\t\t\t\t\t<span class=\"elementor-button-text\">Consulter les offres disponibles<\/span>\n\t\t<\/span>\n\t\t\t\t\t<\/a>\n\t\t<\/div>\n\t\t\t\t<\/div>\n\t\t\t\t<\/div>\n\t\t\t\t\t<\/div>\n\t\t<\/div>\n\t\t\t\t\t\t\t<\/div>\n\t\t<\/section>\n\t\t\t\t<section class=\"elementor-section elementor-top-section elementor-element elementor-element-f20e100 elementor-hidden-mobile_extra elementor-hidden-mobile elementor-section-boxed elementor-section-height-default elementor-section-height-default\" data-id=\"f20e100\" data-element_type=\"section\" data-settings=\"{&quot;background_background&quot;:&quot;classic&quot;}\">\n\t\t\t\t\t\t<div class=\"elementor-container elementor-column-gap-default\">\n\t\t\t\t\t<div class=\"elementor-column elementor-col-100 elementor-top-column elementor-element elementor-element-9cc619b\" data-id=\"9cc619b\" data-element_type=\"column\">\n\t\t\t<div class=\"elementor-widget-wrap\">\n\t\t\t\t\t\t\t\t\t<\/div>\n\t\t<\/div>\n\t\t\t\t\t\t\t<\/div>\n\t\t<\/section>\n\t\t\t\t<section class=\"elementor-section elementor-top-section elementor-element elementor-element-72faf3a elementor-section-boxed elementor-section-height-default elementor-section-height-default\" data-id=\"72faf3a\" data-element_type=\"section\">\n\t\t\t\t\t\t<div class=\"elementor-container elementor-column-gap-default\">\n\t\t\t\t\t<div class=\"elementor-column elementor-col-50 elementor-top-column elementor-element elementor-element-15f9092\" data-id=\"15f9092\" data-element_type=\"column\" data-settings=\"{&quot;background_background&quot;:&quot;classic&quot;}\">\n\t\t\t<div class=\"elementor-widget-wrap elementor-element-populated\">\n\t\t\t\t\t\t\t\t<div class=\"elementor-element elementor-element-8692389 elementor-hidden-widescreen elementor-hidden-desktop elementor-hidden-laptop elementor-hidden-tablet_extra elementor-hidden-tablet elementor-widget elementor-widget-image\" data-id=\"8692389\" data-element_type=\"widget\" data-widget_type=\"image.default\">\n\t\t\t\t<div class=\"elementor-widget-container\">\n\t\t\t\t\t\t\t\t\t\t\t\t\t\t\t<img loading=\"lazy\" decoding=\"async\" width=\"800\" height=\"246\" src=\"https:\/\/www.gonvarriagrotech.com\/wp-content\/uploads\/2023\/01\/trabaja2-1024x315.jpg\" class=\"attachment-large size-large wp-image-4444\" alt=\"\" srcset=\"https:\/\/www.gonvarriagrotech.com\/wp-content\/uploads\/2023\/01\/trabaja2-1024x315.jpg 1024w, https:\/\/www.gonvarriagrotech.com\/wp-content\/uploads\/2023\/01\/trabaja2-300x92.jpg 300w, https:\/\/www.gonvarriagrotech.com\/wp-content\/uploads\/2023\/01\/trabaja2-768x236.jpg 768w, https:\/\/www.gonvarriagrotech.com\/wp-content\/uploads\/2023\/01\/trabaja2.jpg 1362w\" sizes=\"auto, (max-width: 800px) 100vw, 800px\" \/>\t\t\t\t\t\t\t\t\t\t\t\t\t\t\t<\/div>\n\t\t\t\t<\/div>\n\t\t\t\t<div class=\"elementor-element elementor-element-7c19b07 elementor-widget elementor-widget-heading\" data-id=\"7c19b07\" data-element_type=\"widget\" data-widget_type=\"heading.default\">\n\t\t\t\t<div class=\"elementor-widget-container\">\n\t\t\t<h3 class=\"elementor-heading-title elementor-size-default\">Travailler avec nous<\/h3>\t\t<\/div>\n\t\t\t\t<\/div>\n\t\t\t\t<div class=\"elementor-element elementor-element-2fe1768 elementor-widget elementor-widget-heading\" data-id=\"2fe1768\" data-element_type=\"widget\" data-widget_type=\"heading.default\">\n\t\t\t\t<div class=\"elementor-widget-container\">\n\t\t\t<h3 class=\"elementor-heading-title elementor-size-default\">Voulez-vous faire partie de notre \u00e9quipe ?<\/h3>\t\t<\/div>\n\t\t\t\t<\/div>\n\t\t\t\t<div class=\"elementor-element elementor-element-39ee240 elementor-widget elementor-widget-text-editor\" data-id=\"39ee240\" data-element_type=\"widget\" data-widget_type=\"text-editor.default\">\n\t\t\t\t<div class=\"elementor-widget-container\">\n\t\t\t\t\t\t\t<p>Laissez-nous votre CV<\/p>\n\t\t\t\t\t\t<\/div>\n\t\t\t\t<\/div>\n\t\t\t\t<div class=\"elementor-element elementor-element-51e9f1e one-column-form elementor-widget elementor-widget-shortcode\" data-id=\"51e9f1e\" data-element_type=\"widget\" data-widget_type=\"shortcode.default\">\n\t\t\t\t<div class=\"elementor-widget-container\">\n\t\t\t\t\t<div class=\"elementor-shortcode\">\n<div class=\"wpcf7 no-js\" id=\"wpcf7-f8842-o1\" lang=\"fr-FR\" dir=\"ltr\">\n<div class=\"screen-reader-response\"><p role=\"status\" aria-live=\"polite\" aria-atomic=\"true\"><\/p> <ul><\/ul><\/div>\n<form action=\"\/fr\/wp-json\/wp\/v2\/pages\/8692#wpcf7-f8842-o1\" method=\"post\" class=\"wpcf7-form init\" aria-label=\"Formulaire de contact\" enctype=\"multipart\/form-data\" novalidate=\"novalidate\" data-status=\"init\">\n<div style=\"display: none;\">\n<input type=\"hidden\" name=\"_wpcf7\" value=\"8842\" \/>\n<input type=\"hidden\" name=\"_wpcf7_version\" value=\"5.8.3\" \/>\n<input type=\"hidden\" name=\"_wpcf7_locale\" value=\"fr_FR\" \/>\n<input type=\"hidden\" name=\"_wpcf7_unit_tag\" value=\"wpcf7-f8842-o1\" \/>\n<input type=\"hidden\" name=\"_wpcf7_container_post\" value=\"0\" \/>\n<input type=\"hidden\" name=\"_wpcf7_posted_data_hash\" value=\"\" \/>\n<input type=\"hidden\" name=\"_wpcf7_recaptcha_response\" value=\"\" \/>\n<\/div>\n<div class=\"formulario-gonv\">\n\t<div class=\"row\">\n\t\t<div class=\"col-lg-6\">\n\t\t<div class=\"wpcf7-response-output\" aria-hidden=\"true\"><\/div>\n\t\t\t<p class=\"mb-30\"><span class=\"wpcf7-form-control-wrap\" data-name=\"nombre\"><input size=\"40\" class=\"wpcf7-form-control wpcf7-text wpcf7-validates-as-required\" aria-required=\"true\" aria-invalid=\"false\" placeholder=\"Votre nom\" value=\"\" type=\"text\" name=\"nombre\" \/><\/span>\n\t\t\t<\/p>\n\t\t\t<p class=\"mb-30\"><span class=\"wpcf7-form-control-wrap\" data-name=\"email\"><input size=\"40\" class=\"wpcf7-form-control wpcf7-email wpcf7-validates-as-required wpcf7-text wpcf7-validates-as-email\" aria-required=\"true\" aria-invalid=\"false\" placeholder=\"Votre e-mail\" value=\"\" type=\"email\" name=\"email\" \/><\/span>\n\t\t\t<\/p>\n\t\t\t<p><span class=\"wpcf7-form-control-wrap\" data-name=\"tel\"><input size=\"40\" class=\"wpcf7-form-control wpcf7-tel wpcf7-validates-as-required wpcf7-text wpcf7-validates-as-tel\" aria-required=\"true\" aria-invalid=\"false\" placeholder=\"Num\u00e9ro de t\u00e9l\u00e9phone du contact\" value=\"\" type=\"tel\" name=\"tel\" \/><\/span>\n\t\t\t<\/p>\n\t\t<\/div>\n\t\t<div class=\"col-lg-6 mensaje\">\n\t\t\t<p><span class=\"wpcf7-form-control-wrap\" data-name=\"mensaje\"><textarea cols=\"40\" rows=\"2\" class=\"wpcf7-form-control wpcf7-textarea wpcf7-validates-as-required\" aria-required=\"true\" aria-invalid=\"false\" placeholder=\"Mensaje\" name=\"mensaje\"><\/textarea><\/span>\n\t\t\t<\/p>\n\t\t<\/div>\n\t<\/div>\n\t<div class=\"row\">\n\t\t<p><span class=\"wpcf7-form-control-wrap\" data-name=\"adjunto\"><input size=\"40\" class=\"wpcf7-form-control wpcf7-file wpcf7-validates-as-required\" accept=\".pdf,.txt,.docx,.jpg,.jpeg,.png\" aria-required=\"true\" aria-invalid=\"false\" type=\"file\" name=\"adjunto\" \/><\/span>\n\t\t<\/p>\n\t<\/div>\n\t<div class=\"row\">\n\t\t<div class=\"col-lg-6\">\n\t\t\t<p><span class=\"wpcf7-form-control-wrap\" data-name=\"aceptacion\"><span class=\"wpcf7-form-control wpcf7-acceptance\"><span class=\"wpcf7-list-item\"><label><input type=\"checkbox\" name=\"aceptacion\" value=\"1\" aria-invalid=\"false\" \/><span class=\"wpcf7-list-item-label\">Je comprends l'objectif de ce formulaire et j'accepte d'\u00eatre contact\u00e9 par le personnel de Gonvarri Agrotech en utilisant les informations fournies dans ce formulaire<\/span><\/label><\/span><\/span><\/span>\n\t\t\t<\/p>\n\t\t\t<p><span class=\"wpcf7-form-control-wrap\" data-name=\"aceptacion\"><span class=\"wpcf7-form-control wpcf7-acceptance\"><span class=\"wpcf7-list-item\"><label><input type=\"checkbox\" name=\"aceptacion\" value=\"1\" aria-invalid=\"false\" \/><span class=\"wpcf7-list-item-label\">J'ai lu et j'accepte la <a href=\"\/es\/politica-de-la-privacidad\/\">politique de confidentialit\u00e9<\/a>, donnant mon consentement au traitement des donn\u00e9es personnelles qui y sont d\u00e9crites.<\/span><\/label><\/span><\/span><\/span>\n\t\t\t<\/p>\n\t\t<span class=\"wpcf7-form-control-wrap recaptcha\" data-name=\"recaptcha\"><span data-sitekey=\"6LcbkwIlAAAAALSO2CILIICJ9gI3t2r2dMfeJ6DC\" class=\"wpcf7-form-control wpcf7-recaptcha g-recaptcha\" id=\"capcha\"><\/span>\r\n<noscript>\r\n\t<div class=\"grecaptcha-noscript\">\r\n\t\t<iframe loading=\"lazy\" src=\"https:\/\/www.google.com\/recaptcha\/api\/fallback?k=6LcbkwIlAAAAALSO2CILIICJ9gI3t2r2dMfeJ6DC\" frameborder=\"0\" scrolling=\"no\" width=\"310\" height=\"430\">\r\n\t\t<\/iframe>\r\n\t\t<textarea name=\"g-recaptcha-response\" rows=\"3\" cols=\"40\" placeholder=\"reCaptcha Response Here\">\r\n\t\t<\/textarea>\r\n\t<\/div>\r\n<\/noscript>\r\n<\/span>\n\t\t\t<p>.\n\t\t\t<\/p>\n\t\t<\/div>\n\t\t<div class=\"col-lg-6\">\n\t\t\t<p><input class=\"wpcf7-form-control wpcf7-submit has-spinner\" type=\"submit\" value=\"Enviar mensaje\" \/>\n\t\t\t<\/p>\n\t\t<\/div>\n\t<\/div>\n<\/div>\n<\/form>\n<\/div>\n<\/div>\n\t\t\t\t<\/div>\n\t\t\t\t<\/div>\n\t\t\t\t\t<\/div>\n\t\t<\/div>\n\t\t\t\t<div class=\"elementor-column elementor-col-50 elementor-top-column elementor-element elementor-element-e1610a0 h-100 elementor-hidden-mobile_extra elementor-hidden-mobile\" data-id=\"e1610a0\" data-element_type=\"column\" data-settings=\"{&quot;background_background&quot;:&quot;classic&quot;}\">\n\t\t\t<div class=\"elementor-widget-wrap\">\n\t\t\t\t\t\t\t\t\t<\/div>\n\t\t<\/div>\n\t\t\t\t\t\t\t<\/div>\n\t\t<\/section>\n\t\t\t\t\t\t\t<\/div>\n\t\t","protected":false},"excerpt":{"rendered":"<p>En Gonvarri AgroTech nous misons sur le talent Communaut\u00e9 Agrotech Notre secret ? Captation et r\u00e9tention des talents Gonvarri Agrotech stimule le d\u00e9veloppement professionnel et humain de son personnel et favorise l\u2019\u00e9change de connaissances dans le but de cr\u00e9er de nouvelles id\u00e9es et des solutions innovantes. Nous nous effor\u00e7ons d\u2019\u00eatre un employeur attrayant et d\u2019attirer [&hellip;]<\/p>\n","protected":false},"author":3,"featured_media":8219,"parent":0,"menu_order":0,"comment_status":"closed","ping_status":"closed","template":"","meta":{"footnotes":""},"class_list":["post-8692","page","type-page","status-publish","has-post-thumbnail","hentry"],"yoast_head":"<!-- This site is optimized with the Yoast SEO plugin v21.5 - https:\/\/yoast.com\/wordpress\/plugins\/seo\/ -->\n<title>Travailler avec nous | Gonvarri AgroTech<\/title>\n<meta name=\"description\" content=\"Gonvarri Agrotech stimule le d\u00e9veloppement professionnel et humain de son personnel et favorise l&#039;\u00e9change de connaissances dans le but de cr\u00e9er de nouvelles id\u00e9es avec des solutions innovantes.\" \/>\n<meta name=\"robots\" content=\"index, follow, max-snippet:-1, max-image-preview:large, max-video-preview:-1\" \/>\n<link rel=\"canonical\" href=\"https:\/\/www.gonvarriagrotech.com\/en\/work-with-us\/\" \/>\n<meta property=\"og:locale\" content=\"fr_FR\" \/>\n<meta property=\"og:type\" content=\"article\" \/>\n<meta property=\"og:title\" content=\"Travailler avec nous | Gonvarri AgroTech\" \/>\n<meta property=\"og:description\" content=\"Gonvarri Agrotech stimule le d\u00e9veloppement professionnel et humain de son personnel et favorise l&#039;\u00e9change de connaissances dans le but de cr\u00e9er de nouvelles id\u00e9es avec des solutions innovantes.\" \/>\n<meta property=\"og:url\" content=\"https:\/\/www.gonvarriagrotech.com\/en\/work-with-us\/\" \/>\n<meta property=\"og:site_name\" content=\"Gonvarri AgroTech\" \/>\n<meta property=\"article:modified_time\" content=\"2026-02-09T12:53:20+00:00\" \/>\n<meta property=\"og:image\" content=\"https:\/\/www.gonvarriagrotech.com\/wp-content\/uploads\/2022\/12\/melon-farm-yard-in-thailand.jpg\" \/>\n\t<meta property=\"og:image:width\" content=\"473\" \/>\n\t<meta property=\"og:image:height\" content=\"633\" \/>\n\t<meta property=\"og:image:type\" content=\"image\/jpeg\" \/>\n<meta name=\"twitter:card\" content=\"summary_large_image\" \/>\n<meta name=\"twitter:label1\" content=\"Dur\u00e9e de lecture estim\u00e9e\" \/>\n\t<meta name=\"twitter:data1\" content=\"1 minute\" \/>\n<script type=\"application\/ld+json\" class=\"yoast-schema-graph\">{\"@context\":\"https:\/\/schema.org\",\"@graph\":[{\"@type\":\"WebPage\",\"@id\":\"https:\/\/www.gonvarriagrotech.com\/en\/work-with-us\/\",\"url\":\"https:\/\/www.gonvarriagrotech.com\/en\/work-with-us\/\",\"name\":\"Travailler avec nous | Gonvarri AgroTech\",\"isPartOf\":{\"@id\":\"https:\/\/www.gonvarriagrotech.com\/en\/#website\"},\"datePublished\":\"2023-01-03T12:41:44+00:00\",\"dateModified\":\"2026-02-09T12:53:20+00:00\",\"description\":\"Gonvarri Agrotech stimule le d\u00e9veloppement professionnel et humain de son personnel et favorise l'\u00e9change de connaissances dans le but de cr\u00e9er de nouvelles id\u00e9es avec des solutions innovantes.\",\"breadcrumb\":{\"@id\":\"https:\/\/www.gonvarriagrotech.com\/en\/work-with-us\/#breadcrumb\"},\"inLanguage\":\"fr-FR\",\"potentialAction\":[{\"@type\":\"ReadAction\",\"target\":[\"https:\/\/www.gonvarriagrotech.com\/en\/work-with-us\/\"]}]},{\"@type\":\"BreadcrumbList\",\"@id\":\"https:\/\/www.gonvarriagrotech.com\/en\/work-with-us\/#breadcrumb\",\"itemListElement\":[{\"@type\":\"ListItem\",\"position\":1,\"name\":\"Home\",\"item\":\"https:\/\/www.gonvarriagrotech.com\/fr\/\"},{\"@type\":\"ListItem\",\"position\":2,\"name\":\"Travailler avec nous\"}]},{\"@type\":\"WebSite\",\"@id\":\"https:\/\/www.gonvarriagrotech.com\/en\/#website\",\"url\":\"https:\/\/www.gonvarriagrotech.com\/en\/\",\"name\":\"Gonvarri Agrotech\",\"description\":\"GonvarriIndustries\",\"publisher\":{\"@id\":\"https:\/\/www.gonvarriagrotech.com\/en\/#organization\"},\"potentialAction\":[{\"@type\":\"SearchAction\",\"target\":{\"@type\":\"EntryPoint\",\"urlTemplate\":\"https:\/\/www.gonvarriagrotech.com\/en\/?s={search_term_string}\"},\"query-input\":\"required name=search_term_string\"}],\"inLanguage\":\"fr-FR\"},{\"@type\":\"Organization\",\"@id\":\"https:\/\/www.gonvarriagrotech.com\/en\/#organization\",\"name\":\"Gonvarri Agrotech\",\"url\":\"https:\/\/www.gonvarriagrotech.com\/en\/\",\"logo\":{\"@type\":\"ImageObject\",\"inLanguage\":\"fr-FR\",\"@id\":\"https:\/\/www.gonvarriagrotech.com\/en\/#\/schema\/logo\/image\/\",\"url\":\"https:\/\/www.gonvarriagrotech.com\/wp-content\/uploads\/2022\/12\/logo-agrotech.svg\",\"contentUrl\":\"https:\/\/www.gonvarriagrotech.com\/wp-content\/uploads\/2022\/12\/logo-agrotech.svg\",\"width\":380,\"height\":170,\"caption\":\"Gonvarri Agrotech\"},\"image\":{\"@id\":\"https:\/\/www.gonvarriagrotech.com\/en\/#\/schema\/logo\/image\/\"}}]}<\/script>\n<!-- \/ Yoast SEO plugin. -->","yoast_head_json":{"title":"Travailler avec nous | Gonvarri AgroTech","description":"Gonvarri Agrotech stimule le d\u00e9veloppement professionnel et humain de son personnel et favorise l'\u00e9change de connaissances dans le but de cr\u00e9er de nouvelles id\u00e9es avec des solutions innovantes.","robots":{"index":"index","follow":"follow","max-snippet":"max-snippet:-1","max-image-preview":"max-image-preview:large","max-video-preview":"max-video-preview:-1"},"canonical":"https:\/\/www.gonvarriagrotech.com\/en\/work-with-us\/","og_locale":"fr_FR","og_type":"article","og_title":"Travailler avec nous | Gonvarri AgroTech","og_description":"Gonvarri Agrotech stimule le d\u00e9veloppement professionnel et humain de son personnel et favorise l'\u00e9change de connaissances dans le but de cr\u00e9er de nouvelles id\u00e9es avec des solutions innovantes.","og_url":"https:\/\/www.gonvarriagrotech.com\/en\/work-with-us\/","og_site_name":"Gonvarri AgroTech","article_modified_time":"2026-02-09T12:53:20+00:00","og_image":[{"width":473,"height":633,"url":"https:\/\/www.gonvarriagrotech.com\/wp-content\/uploads\/2022\/12\/melon-farm-yard-in-thailand.jpg","type":"image\/jpeg"}],"twitter_card":"summary_large_image","twitter_misc":{"Dur\u00e9e de lecture estim\u00e9e":"1 minute"},"schema":{"@context":"https:\/\/schema.org","@graph":[{"@type":"WebPage","@id":"https:\/\/www.gonvarriagrotech.com\/en\/work-with-us\/","url":"https:\/\/www.gonvarriagrotech.com\/en\/work-with-us\/","name":"Travailler avec nous | Gonvarri AgroTech","isPartOf":{"@id":"https:\/\/www.gonvarriagrotech.com\/en\/#website"},"datePublished":"2023-01-03T12:41:44+00:00","dateModified":"2026-02-09T12:53:20+00:00","description":"Gonvarri Agrotech stimule le d\u00e9veloppement professionnel et humain de son personnel et favorise l'\u00e9change de connaissances dans le but de cr\u00e9er de nouvelles id\u00e9es avec des solutions innovantes.","breadcrumb":{"@id":"https:\/\/www.gonvarriagrotech.com\/en\/work-with-us\/#breadcrumb"},"inLanguage":"fr-FR","potentialAction":[{"@type":"ReadAction","target":["https:\/\/www.gonvarriagrotech.com\/en\/work-with-us\/"]}]},{"@type":"BreadcrumbList","@id":"https:\/\/www.gonvarriagrotech.com\/en\/work-with-us\/#breadcrumb","itemListElement":[{"@type":"ListItem","position":1,"name":"Home","item":"https:\/\/www.gonvarriagrotech.com\/fr\/"},{"@type":"ListItem","position":2,"name":"Travailler avec nous"}]},{"@type":"WebSite","@id":"https:\/\/www.gonvarriagrotech.com\/en\/#website","url":"https:\/\/www.gonvarriagrotech.com\/en\/","name":"Gonvarri Agrotech","description":"GonvarriIndustries","publisher":{"@id":"https:\/\/www.gonvarriagrotech.com\/en\/#organization"},"potentialAction":[{"@type":"SearchAction","target":{"@type":"EntryPoint","urlTemplate":"https:\/\/www.gonvarriagrotech.com\/en\/?s={search_term_string}"},"query-input":"required name=search_term_string"}],"inLanguage":"fr-FR"},{"@type":"Organization","@id":"https:\/\/www.gonvarriagrotech.com\/en\/#organization","name":"Gonvarri Agrotech","url":"https:\/\/www.gonvarriagrotech.com\/en\/","logo":{"@type":"ImageObject","inLanguage":"fr-FR","@id":"https:\/\/www.gonvarriagrotech.com\/en\/#\/schema\/logo\/image\/","url":"https:\/\/www.gonvarriagrotech.com\/wp-content\/uploads\/2022\/12\/logo-agrotech.svg","contentUrl":"https:\/\/www.gonvarriagrotech.com\/wp-content\/uploads\/2022\/12\/logo-agrotech.svg","width":380,"height":170,"caption":"Gonvarri Agrotech"},"image":{"@id":"https:\/\/www.gonvarriagrotech.com\/en\/#\/schema\/logo\/image\/"}}]}},"_links":{"self":[{"href":"https:\/\/www.gonvarriagrotech.com\/fr\/wp-json\/wp\/v2\/pages\/8692","targetHints":{"allow":["GET"]}}],"collection":[{"href":"https:\/\/www.gonvarriagrotech.com\/fr\/wp-json\/wp\/v2\/pages"}],"about":[{"href":"https:\/\/www.gonvarriagrotech.com\/fr\/wp-json\/wp\/v2\/types\/page"}],"author":[{"embeddable":true,"href":"https:\/\/www.gonvarriagrotech.com\/fr\/wp-json\/wp\/v2\/users\/3"}],"replies":[{"embeddable":true,"href":"https:\/\/www.gonvarriagrotech.com\/fr\/wp-json\/wp\/v2\/comments?post=8692"}],"version-history":[{"count":11,"href":"https:\/\/www.gonvarriagrotech.com\/fr\/wp-json\/wp\/v2\/pages\/8692\/revisions"}],"predecessor-version":[{"id":9865,"href":"https:\/\/www.gonvarriagrotech.com\/fr\/wp-json\/wp\/v2\/pages\/8692\/revisions\/9865"}],"wp:featuredmedia":[{"embeddable":true,"href":"https:\/\/www.gonvarriagrotech.com\/fr\/wp-json\/wp\/v2\/media\/8219"}],"wp:attachment":[{"href":"https:\/\/www.gonvarriagrotech.com\/fr\/wp-json\/wp\/v2\/media?parent=8692"}],"curies":[{"name":"wp","href":"https:\/\/api.w.org\/{rel}","templated":true}]}}